{"id":20921,"date":"2024-04-22T12:31:52","date_gmt":"2024-04-22T12:31:52","guid":{"rendered":"https:\/\/aimdoll.com\/product\/japanese-little-teen-boy-sex-doll-porn\/"},"modified":"2024-05-06T08:04:48","modified_gmt":"2024-05-06T08:04:48","slug":"japanese-little-teen-boy-sex-doll-porn","status":"publish","type":"product","link":"https:\/\/geniedoll.com\/cs\/product\/japonsky-maly-dospivajici-chlapec-sex-panenka-porno\/","title":{"rendered":"Japonsk\u00fd Little Teen Boy Sex Doll Porn"},"content":{"rendered":"<p>40cm mini panenku l\u00e1sky m\u016f\u017eete navrhnout tak, aby vypadala jako va\u0161e mal\u00e1 milostn\u00e1 panenka, americk\u00e1 postava. S japonskou sexu\u00e1ln\u00ed panenkou nen\u00ed \u017e\u00e1dn\u00fd sexu\u00e1ln\u00ed styl, kter\u00fd byste si nemohli vyzkou\u0161et. Mal\u00e9 porno hentai sexu\u00e1ln\u00ed panenky je ukazatelem toho, jak by m\u011bla moje 100cm sexu\u00e1ln\u00ed panenka j\u00edt. S hentai sex panenkou mal\u00fdm pornem v\u00e1m nedojdou sexu\u00e1ln\u00ed pozice s va\u0161\u00ed dosp\u00edvaj\u00edc\u00ed americkou sexu\u00e1ln\u00ed panenkou.<\/p>\n<p>&nbsp;<\/p>\n<p>Miniaturn\u00ed anime panenka Amazon m\u016f\u017ee b\u00fdt navr\u017eena tak, aby vypadala jako va\u0161e zamilovan\u00e1 celebrita. Sexu panenka Shani 0,100 cm m\u016f\u017ee b\u00fdt pr\u00e1v\u011b l\u00e9kem na v\u00e1\u0161 vysok\u00fd sexu\u00e1ln\u00ed apetit, proto\u017ee s n\u00ed m\u016f\u017eete voln\u011b popustit uzdu libida.<\/p>\n<p>&nbsp;<\/p>\n<p>V tom zkurven\u00e9m pornu s moj\u00ed 100 cm sexu\u00e1ln\u00ed panenkou d\u00e1v\u00e1 sexu\u00e1ln\u00ed panenka pro dosp\u00edvaj\u00edc\u00edho chlapce \u017een\u011b n\u011bkolik orgasm\u016f. 40cm mini panenka l\u00e1sky a porno 100cm sexu\u00e1ln\u00ed panenka jsou poddajn\u00e9 a p\u0159izp\u016fsob\u00ed se ka\u017ed\u00e9mu sexu\u00e1ln\u00edmu kroku, kter\u00fd ud\u011bl\u00e1te.<\/p>\n<p>&nbsp;<\/p>\n\t\t<div data-elementor-type=\"section\" data-elementor-id=\"15956\" class=\"elementor elementor-15956\" data-elementor-post-type=\"elementor_library\">\n\t\t\t<div class=\"wd-negative-gap elementor-element elementor-element-e744d45 e-flex e-con-boxed e-con e-parent\" data-id=\"e744d45\" data-element_type=\"container\">\n\t\t\t\t\t<div class=\"e-con-inner\">\n\t\t<div class=\"wd-negative-gap elementor-element elementor-element-2abc4734 e-flex e-con-boxed e-con e-child\" data-id=\"2abc4734\" data-element_type=\"container\">\n\t\t\t\t\t<div class=\"e-con-inner\">\n\t\t<div class=\"wd-negative-gap elementor-element elementor-element-e4e90d0 e-flex e-con-boxed e-con e-child\" data-id=\"e4e90d0\" data-element_type=\"container\">\n\t\t\t\t\t<div class=\"e-con-inner\">\n\t\t\t\t<div class=\"elementor-element elementor-element-2191b1a4 elementor-cta--skin-cover elementor-animated-content elementor-bg-transform elementor-bg-transform-zoom-in elementor-widget elementor-widget-call-to-action\" data-id=\"2191b1a4\" data-element_type=\"widget\" data-widget_type=\"call-to-action.default\">\n\t\t\t\t<div class=\"elementor-widget-container\">\n\t\t\t\t\t<a class=\"elementor-cta\" href=\"https:\/\/geniedoll.com\/cs\/obrazky-sexualnich-panenek\/\">\n\t\t\t\t\t<div class=\"elementor-cta__bg-wrapper\">\n\t\t\t\t<div class=\"elementor-cta__bg elementor-bg\" style=\"background-image: url(https:\/\/geniedoll.com\/wp-content\/uploads\/2024\/04\/redirect.jpg);\" role=\"img\" aria-label=\"p\u0159esm\u011brovat\"><\/div>\n\t\t\t\t<div class=\"elementor-cta__bg-overlay\"><\/div>\n\t\t\t<\/div>\n\t\t\t\t\t\t\t<div class=\"elementor-cta__content\">\n\t\t\t\t\n\t\t\t\t\t\t\t\t\t<h2 class=\"elementor-cta__title elementor-cta__content-item elementor-content-item elementor-animated-item--grow\">\n\t\t\t\t\t\t2500+ mal\u00fdch mini sexu\u00e1ln\u00edch panenek <\/br>sexdollxxx .com\t\t\t\t\t<\/h2>\n\t\t\t\t\n\t\t\t\t\t\t\t\t\t<div class=\"elementor-cta__description elementor-cta__content-item elementor-content-item elementor-animated-item--grow\">\n\t\t\t\t\t\t40 cm, 60 cm, 80 cm, 100 cm, 120 cm, 140 cm\t\t\t\t\t<\/div>\n\t\t\t\t\n\t\t\t\t\t\t\t\t\t<div class=\"elementor-cta__button-wrapper elementor-cta__content-item elementor-content-item elementor-animated-item--grow\">\n\t\t\t\t\t<span class=\"elementor-cta__button elementor-button elementor-size-md\">\n\t\t\t\t\t\tKupuj te\u010f\t\t\t\t\t<\/span>\n\t\t\t\t\t<\/div>\n\t\t\t\t\t\t\t<\/div>\n\t\t\t\t\t\t<\/a>\n\t\t\t\t<\/div>\n\t\t\t\t<\/div>\n\t\t\t\t\t<\/div>\n\t\t\t\t<\/div>\n\t\t\t\t\t<\/div>\n\t\t\t\t<\/div>\n\t\t\t\t\t<\/div>\n\t\t\t\t<\/div>\n\t\t\t\t<\/div>","protected":false},"excerpt":{"rendered":"<div data-elementor-type=\"section\" data-elementor-id=\"15952\" class=\"elementor elementor-15952\" data-elementor-post-type=\"elementor_library\">\n<div class=\"wd-negative-gap elementor-element elementor-element-49f97e26 e-flex e-con-boxed e-con e-parent\" data-id=\"49f97e26\" data-element_type=\"container\">\n<div class=\"e-con-inner\">\n<div class=\"wd-negative-gap elementor-element elementor-element-449b9556 e-flex e-con-boxed e-con e-child\" data-id=\"449b9556\" data-element_type=\"container\">\n<div class=\"e-con-inner\">\n<div class=\"elementor-element elementor-element-613a7c10 elementor-cta--skin-cover elementor-animated-content elementor-bg-transform elementor-bg-transform-zoom-in elementor-widget elementor-widget-call-to-action\" data-id=\"613a7c10\" data-element_type=\"widget\" data-widget_type=\"call-to-action.default\">\n<div class=\"elementor-widget-container\">\n\t\t\t<link rel=\"stylesheet\" href=\"https:\/\/geniedoll.com\/wp-content\/uploads\/elementor\/css\/custom-pro-widget-call-to-action.min.css?ver=1716121493\">\t\t<a class=\"elementor-cta\" href=\"https:\/\/geniedoll.com\/cs\/obrazky-sexualnich-panenek\/\"><\/p>\n<div class=\"elementor-cta__bg-wrapper\">\n<div class=\"elementor-cta__bg elementor-bg\" style=\"background-image: url(https:\/\/geniedoll.com\/wp-content\/uploads\/2024\/04\/redirect-1.jpg);\" role=\"img\" aria-label=\"p\u0159esm\u011brov\u00e1n\u00ed.jpg\"><\/div>\n<div class=\"elementor-cta__bg-overlay\"><\/div>\n<\/p><\/div>\n<div class=\"elementor-cta__content\">\n<h2 class=\"elementor-cta__title elementor-cta__content-item elementor-content-item elementor-animated-item--grow\">\n\t\t\t\t\t\t2500+ mal\u00fdch mini sexu\u00e1ln\u00edch panenek <\/br>sexdollxxx .com\t\t\t\t\t<\/h2>\n<div class=\"elementor-cta__description elementor-cta__content-item elementor-content-item elementor-animated-item--grow\">\n\t\t\t\t\t\t40 cm, 60 cm, 80 cm, 100 cm, 120 cm, 140 cm\t\t\t\t\t<\/div>\n<div class=\"elementor-cta__button-wrapper elementor-cta__content-item elementor-content-item elementor-animated-item--grow\">\n\t\t\t\t\t<span class=\"elementor-cta__button elementor-button elementor-size-md\"><br \/>\n\t\t\t\t\t\tKupuj te\u010f\t\t\t\t\t<\/span>\n\t\t\t\t\t<\/div>\n<\/p><\/div>\n<p>\t\t\t\t\t\t<\/a>\n\t\t\t\t<\/div>\n<\/p><\/div>\n<\/p><\/div>\n<\/p><\/div>\n<\/p><\/div>\n<\/p><\/div>\n<\/p><\/div>","protected":false},"featured_media":15950,"comment_status":"closed","ping_status":"closed","template":"","meta":[],"product_cat":[775,776,777],"product_tag":[],"aioseo_notices":[],"_links":{"self":[{"href":"https:\/\/geniedoll.com\/cs\/wp-json\/wp\/v2\/product\/20921"}],"collection":[{"href":"https:\/\/geniedoll.com\/cs\/wp-json\/wp\/v2\/product"}],"about":[{"href":"https:\/\/geniedoll.com\/cs\/wp-json\/wp\/v2\/types\/product"}],"replies":[{"embeddable":true,"href":"https:\/\/geniedoll.com\/cs\/wp-json\/wp\/v2\/comments?post=20921"}],"version-history":[{"count":2,"href":"https:\/\/geniedoll.com\/cs\/wp-json\/wp\/v2\/product\/20921\/revisions"}],"predecessor-version":[{"id":21675,"href":"https:\/\/geniedoll.com\/cs\/wp-json\/wp\/v2\/product\/20921\/revisions\/21675"}],"wp:featuredmedia":[{"embeddable":true,"href":"https:\/\/geniedoll.com\/cs\/wp-json\/wp\/v2\/media\/15950"}],"wp:attachment":[{"href":"https:\/\/geniedoll.com\/cs\/wp-json\/wp\/v2\/media?parent=20921"}],"wp:term":[{"taxonomy":"product_cat","embeddable":true,"href":"https:\/\/geniedoll.com\/cs\/wp-json\/wp\/v2\/product_cat?post=20921"},{"taxonomy":"product_tag","embeddable":true,"href":"https:\/\/geniedoll.com\/cs\/wp-json\/wp\/v2\/product_tag?post=20921"}],"curies":[{"name":"wp","href":"https:\/\/api.w.org\/{rel}","templated":true}]}}