{"id":20749,"date":"2024-04-22T12:31:37","date_gmt":"2024-04-22T12:31:37","guid":{"rendered":"https:\/\/aimdoll.com\/product\/80-cm-small-japanese-oony-hentai-sex-doll\/"},"modified":"2024-05-14T08:02:31","modified_gmt":"2024-05-14T08:02:31","slug":"80-cm-small-japanese-oony-hentai-sex-doll","status":"publish","type":"product","link":"https:\/\/geniedoll.com\/cs\/product\/80-cm-mala-japonska-hentai-hentai-sexy-panenka\/","title":{"rendered":"80 cm mal\u00e1 japonsk\u00e1 sexu\u00e1ln\u00ed panenka Oony Hentai"},"content":{"rendered":"<p>Lidsk\u00e9 t\u011blo pozn\u00e1, kdy je nasyceno. Kdy\u017e \u0161uk\u00e1\u0161 mladou sexu\u00e1ln\u00ed panenku, tv\u00e9 nervy napln\u00ed jej\u00ed kundi\u010dku, co\u017e ti d\u00e1v\u00e1 uspokojen\u00ed. S anima sex panenkou mini m\u016f\u017eete odv\u00e1\u017en\u011b prozkoumat sexu\u00e1ln\u00ed touhy a fantazie. Hentai sexy panenka mini je dod\u00e1v\u00e1na se sexy pr\u00e1dlem, kter\u00e9 v\u00e1m poskytne \u00fapln\u00fd pohled na jej\u00ed sexy p\u0159ednosti, kter\u00e9 v\u00e1s velmi vzru\u0161\u00ed.<\/p>\n<p>&nbsp;<\/p>\n<p>Byt pro panenku Young Love m\u00e1 100 cm vyj\u00edmateln\u00e9 vlo\u017eky pro sexu\u00e1ln\u00ed panenku. Kdykoli m\u016f\u017eete praktikovat gay i lesbick\u00fd sex. Z\u00edsk\u00e1n\u00ed sexu\u00e1ln\u00ed panenky Loli v\u00e1m poskytne prost\u0159edky k tomu, abyste se vydali na sexy dovolenou. D\u016fkazem toho, \u017ee odv\u00e1d\u00edte skv\u011blou pr\u00e1ci, je puber\u0165a\u010dka p\u011bstovan\u00e1 sexu\u00e1ln\u00edmi panenkami a vibruj\u00edc\u00edmi zvuky.<\/p>\n<p>&nbsp;<\/p>\n<p>P\u0159i pohledu na malou japonskou panenku 80 cm se v\u00e1m nekontrolovateln\u011b cuk\u00e1 kohoutek. Nep\u0159estane\u0161, dokud si neprojde\u0161 cestu s moj\u00ed malou sexu\u00e1ln\u00ed panenkou.<\/p>\n<p>&nbsp;<\/p>\n<p>&nbsp;<\/p>\n\t\t<div data-elementor-type=\"section\" data-elementor-id=\"15956\" class=\"elementor elementor-15956\" data-elementor-post-type=\"elementor_library\">\n\t\t\t<div class=\"wd-negative-gap elementor-element elementor-element-e744d45 e-flex e-con-boxed e-con e-parent\" data-id=\"e744d45\" data-element_type=\"container\">\n\t\t\t\t\t<div class=\"e-con-inner\">\n\t\t<div class=\"wd-negative-gap elementor-element elementor-element-2abc4734 e-flex e-con-boxed e-con e-child\" data-id=\"2abc4734\" data-element_type=\"container\">\n\t\t\t\t\t<div class=\"e-con-inner\">\n\t\t<div class=\"wd-negative-gap elementor-element elementor-element-e4e90d0 e-flex e-con-boxed e-con e-child\" data-id=\"e4e90d0\" data-element_type=\"container\">\n\t\t\t\t\t<div class=\"e-con-inner\">\n\t\t\t\t<div class=\"elementor-element elementor-element-2191b1a4 elementor-cta--skin-cover elementor-animated-content elementor-bg-transform elementor-bg-transform-zoom-in elementor-widget elementor-widget-call-to-action\" data-id=\"2191b1a4\" data-element_type=\"widget\" data-widget_type=\"call-to-action.default\">\n\t\t\t\t<div class=\"elementor-widget-container\">\n\t\t\t\t\t<a class=\"elementor-cta\" href=\"https:\/\/geniedoll.com\/cs\/obrazky-sexualnich-panenek\/\">\n\t\t\t\t\t<div class=\"elementor-cta__bg-wrapper\">\n\t\t\t\t<div class=\"elementor-cta__bg elementor-bg\" style=\"background-image: url(https:\/\/geniedoll.com\/wp-content\/uploads\/2024\/04\/redirect.jpg);\" role=\"img\" aria-label=\"p\u0159esm\u011brovat\"><\/div>\n\t\t\t\t<div class=\"elementor-cta__bg-overlay\"><\/div>\n\t\t\t<\/div>\n\t\t\t\t\t\t\t<div class=\"elementor-cta__content\">\n\t\t\t\t\n\t\t\t\t\t\t\t\t\t<h2 class=\"elementor-cta__title elementor-cta__content-item elementor-content-item elementor-animated-item--grow\">\n\t\t\t\t\t\t2500+ mal\u00fdch mini sexu\u00e1ln\u00edch panenek <\/br>sexdollxxx .com\t\t\t\t\t<\/h2>\n\t\t\t\t\n\t\t\t\t\t\t\t\t\t<div class=\"elementor-cta__description elementor-cta__content-item elementor-content-item elementor-animated-item--grow\">\n\t\t\t\t\t\t40 cm, 60 cm, 80 cm, 100 cm, 120 cm, 140 cm\t\t\t\t\t<\/div>\n\t\t\t\t\n\t\t\t\t\t\t\t\t\t<div class=\"elementor-cta__button-wrapper elementor-cta__content-item elementor-content-item elementor-animated-item--grow\">\n\t\t\t\t\t<span class=\"elementor-cta__button elementor-button elementor-size-md\">\n\t\t\t\t\t\tKupuj te\u010f\t\t\t\t\t<\/span>\n\t\t\t\t\t<\/div>\n\t\t\t\t\t\t\t<\/div>\n\t\t\t\t\t\t<\/a>\n\t\t\t\t<\/div>\n\t\t\t\t<\/div>\n\t\t\t\t\t<\/div>\n\t\t\t\t<\/div>\n\t\t\t\t\t<\/div>\n\t\t\t\t<\/div>\n\t\t\t\t\t<\/div>\n\t\t\t\t<\/div>\n\t\t\t\t<\/div>","protected":false},"excerpt":{"rendered":"<div data-elementor-type=\"section\" data-elementor-id=\"15952\" class=\"elementor elementor-15952\" data-elementor-post-type=\"elementor_library\">\n<div class=\"wd-negative-gap elementor-element elementor-element-49f97e26 e-flex e-con-boxed e-con e-parent\" data-id=\"49f97e26\" data-element_type=\"container\">\n<div class=\"e-con-inner\">\n<div class=\"wd-negative-gap elementor-element elementor-element-449b9556 e-flex e-con-boxed e-con e-child\" data-id=\"449b9556\" data-element_type=\"container\">\n<div class=\"e-con-inner\">\n<div class=\"elementor-element elementor-element-613a7c10 elementor-cta--skin-cover elementor-animated-content elementor-bg-transform elementor-bg-transform-zoom-in elementor-widget elementor-widget-call-to-action\" data-id=\"613a7c10\" data-element_type=\"widget\" data-widget_type=\"call-to-action.default\">\n<div class=\"elementor-widget-container\">\n\t\t\t<link rel=\"stylesheet\" href=\"https:\/\/geniedoll.com\/wp-content\/uploads\/elementor\/css\/custom-pro-widget-call-to-action.min.css?ver=1716121493\">\t\t<a class=\"elementor-cta\" href=\"https:\/\/geniedoll.com\/cs\/obrazky-sexualnich-panenek\/\"><\/p>\n<div class=\"elementor-cta__bg-wrapper\">\n<div class=\"elementor-cta__bg elementor-bg\" style=\"background-image: url(https:\/\/geniedoll.com\/wp-content\/uploads\/2024\/04\/redirect-1.jpg);\" role=\"img\" aria-label=\"p\u0159esm\u011brov\u00e1n\u00ed.jpg\"><\/div>\n<div class=\"elementor-cta__bg-overlay\"><\/div>\n<\/p><\/div>\n<div class=\"elementor-cta__content\">\n<h2 class=\"elementor-cta__title elementor-cta__content-item elementor-content-item elementor-animated-item--grow\">\n\t\t\t\t\t\t2500+ mal\u00fdch mini sexu\u00e1ln\u00edch panenek <\/br>sexdollxxx .com\t\t\t\t\t<\/h2>\n<div class=\"elementor-cta__description elementor-cta__content-item elementor-content-item elementor-animated-item--grow\">\n\t\t\t\t\t\t40 cm, 60 cm, 80 cm, 100 cm, 120 cm, 140 cm\t\t\t\t\t<\/div>\n<div class=\"elementor-cta__button-wrapper elementor-cta__content-item elementor-content-item elementor-animated-item--grow\">\n\t\t\t\t\t<span class=\"elementor-cta__button elementor-button elementor-size-md\"><br \/>\n\t\t\t\t\t\tKupuj te\u010f\t\t\t\t\t<\/span>\n\t\t\t\t\t<\/div>\n<\/p><\/div>\n<p>\t\t\t\t\t\t<\/a>\n\t\t\t\t<\/div>\n<\/p><\/div>\n<\/p><\/div>\n<\/p><\/div>\n<\/p><\/div>\n<\/p><\/div>\n<\/p><\/div>","protected":false},"featured_media":15950,"comment_status":"closed","ping_status":"closed","template":"","meta":[],"product_cat":[800,761,762],"product_tag":[],"aioseo_notices":[],"_links":{"self":[{"href":"https:\/\/geniedoll.com\/cs\/wp-json\/wp\/v2\/product\/20749"}],"collection":[{"href":"https:\/\/geniedoll.com\/cs\/wp-json\/wp\/v2\/product"}],"about":[{"href":"https:\/\/geniedoll.com\/cs\/wp-json\/wp\/v2\/types\/product"}],"replies":[{"embeddable":true,"href":"https:\/\/geniedoll.com\/cs\/wp-json\/wp\/v2\/comments?post=20749"}],"version-history":[{"count":1,"href":"https:\/\/geniedoll.com\/cs\/wp-json\/wp\/v2\/product\/20749\/revisions"}],"predecessor-version":[{"id":20750,"href":"https:\/\/geniedoll.com\/cs\/wp-json\/wp\/v2\/product\/20749\/revisions\/20750"}],"wp:featuredmedia":[{"embeddable":true,"href":"https:\/\/geniedoll.com\/cs\/wp-json\/wp\/v2\/media\/15950"}],"wp:attachment":[{"href":"https:\/\/geniedoll.com\/cs\/wp-json\/wp\/v2\/media?parent=20749"}],"wp:term":[{"taxonomy":"product_cat","embeddable":true,"href":"https:\/\/geniedoll.com\/cs\/wp-json\/wp\/v2\/product_cat?post=20749"},{"taxonomy":"product_tag","embeddable":true,"href":"https:\/\/geniedoll.com\/cs\/wp-json\/wp\/v2\/product_tag?post=20749"}],"curies":[{"name":"wp","href":"https:\/\/api.w.org\/{rel}","templated":true}]}}