{"id":20643,"date":"2024-04-22T12:31:25","date_gmt":"2024-04-22T12:31:25","guid":{"rendered":"https:\/\/aimdoll.com\/product\/african-american-real-teen-loli-sex-doll-88-cm\/"},"modified":"2024-05-06T07:05:04","modified_gmt":"2024-05-06T07:05:04","slug":"african-american-real-teen-loli-sex-doll-88-cm","status":"publish","type":"product","link":"https:\/\/geniedoll.com\/cs\/product\/afroamericka-skutecna-teen-loli-sexualni-panenka-88-cm\/","title":{"rendered":"Afroamerick\u00e1 skute\u010dn\u00e1 dosp\u00edvaj\u00edc\u00ed Loli sexu\u00e1ln\u00ed panenka 88 cm"},"content":{"rendered":"<p>Panenka bez maminky od xvideos pro mlad\u00e9 sexy je perfektn\u00edm dopl\u0148kem do va\u0161\u00ed soukrom\u00e9 sb\u00edrky milostn\u00fdch hra\u010dek. Je to skv\u011bl\u00e9, i kdy\u017e \u017eijete bl\u00edzko soused\u016f, kte\u0159\u00ed by to mohli vid\u011bt, a mluvit o tom, \u017ee vid\u00ed v\u011bci, na kter\u00e9 by se d\u00edvat nem\u011bli! Ale nejlep\u0161\u00ed na tom je jedna v\u011bc \u2013 naj\u00edt tuto Loli znamen\u00e1, \u017ee se p\u0159ibl\u00ed\u017e\u00edte a p\u0159ibl\u00ed\u017e\u00edte si nejv\u011bt\u0161\u00ed po\u017eitek p\u0159i sledov\u00e1n\u00ed roztomil\u00e9 d\u011btsk\u00e9 akce ve h\u0159e Tato hra\u010dka je mal\u00e1, ale z\u00e1bavn\u00e1 s 88 cm. M\u016f\u017eete s n\u00edm hr\u00e1t v\u0161echny sv\u00e9 velk\u00e9 sny, proto\u017ee vypad\u00e1 skute\u010dn\u011b a v\u011bnuje pozornost detail\u016fm.<\/p>\n<p>Na\u0161e panenky v \u017eivotn\u00ed velikosti, vyroben\u00e9 z vysoce kvalitn\u00edho materi\u00e1lu TPE, jsou skute\u010dn\u00e9 a m\u011bkk\u00e9. Poskytuj\u00ed v\u00e1m nejvy\u0161\u0161\u00ed vzru\u0161en\u00ed ve velmi t\u011bsn\u00e9 bl\u00edzkosti. D\u00edky zru\u010dn\u00e9 pr\u00e1ci a detailn\u00edm obli\u010dej\u016fm na\u0161e video s panenkou pro dosp\u00edvaj\u00edc\u00ed ukazuje dokonalou kombinaci \u010distoty s \u0161armem. Hrav\u00fdm, ale l\u00e1kav\u00fdm zp\u016fsobem zachyt\u00ed to, co byste cht\u011bli.<\/p>\n<p>U\u017eijte si nejr\u016fzn\u011bj\u0161\u00ed p\u0159\u00edle\u017eitosti, kdy\u017e vyzkou\u0161\u00edte r\u016fzn\u00e9 zp\u016fsoby a nastaven\u00ed s t\u00edmto p\u0159izp\u016fsobiv\u00fdm kamar\u00e1dem. V\u017edy je tu pro spln\u011bn\u00ed va\u0161ich p\u0159\u00e1n\u00ed. Vyb\u00edrejte pro sv\u00e9 \u0161t\u011bst\u00ed jen to nejlep\u0161\u00ed \u2013 vyberte si skute\u010dnou hra\u010dku pro dosp\u011bl\u00e9 s prsy pro dosp\u011bl\u00e9 afroamerick\u00e9 dosp\u00edvaj\u00edc\u00ed d\u00edvky.<\/p>\n<p>&nbsp;<\/p>\n\t\t<div data-elementor-type=\"section\" data-elementor-id=\"15956\" class=\"elementor elementor-15956\" data-elementor-post-type=\"elementor_library\">\n\t\t\t<div class=\"wd-negative-gap elementor-element elementor-element-e744d45 e-flex e-con-boxed e-con e-parent\" data-id=\"e744d45\" data-element_type=\"container\">\n\t\t\t\t\t<div class=\"e-con-inner\">\n\t\t<div class=\"wd-negative-gap elementor-element elementor-element-2abc4734 e-flex e-con-boxed e-con e-child\" data-id=\"2abc4734\" data-element_type=\"container\">\n\t\t\t\t\t<div class=\"e-con-inner\">\n\t\t<div class=\"wd-negative-gap elementor-element elementor-element-e4e90d0 e-flex e-con-boxed e-con e-child\" data-id=\"e4e90d0\" data-element_type=\"container\">\n\t\t\t\t\t<div class=\"e-con-inner\">\n\t\t\t\t<div class=\"elementor-element elementor-element-2191b1a4 elementor-cta--skin-cover elementor-animated-content elementor-bg-transform elementor-bg-transform-zoom-in elementor-widget elementor-widget-call-to-action\" data-id=\"2191b1a4\" data-element_type=\"widget\" data-widget_type=\"call-to-action.default\">\n\t\t\t\t<div class=\"elementor-widget-container\">\n\t\t\t\t\t<a class=\"elementor-cta\" href=\"https:\/\/geniedoll.com\/cs\/obrazky-sexualnich-panenek\/\">\n\t\t\t\t\t<div class=\"elementor-cta__bg-wrapper\">\n\t\t\t\t<div class=\"elementor-cta__bg elementor-bg\" style=\"background-image: url(https:\/\/geniedoll.com\/wp-content\/uploads\/2024\/04\/redirect.jpg);\" role=\"img\" aria-label=\"p\u0159esm\u011brovat\"><\/div>\n\t\t\t\t<div class=\"elementor-cta__bg-overlay\"><\/div>\n\t\t\t<\/div>\n\t\t\t\t\t\t\t<div class=\"elementor-cta__content\">\n\t\t\t\t\n\t\t\t\t\t\t\t\t\t<h2 class=\"elementor-cta__title elementor-cta__content-item elementor-content-item elementor-animated-item--grow\">\n\t\t\t\t\t\t2500+ mal\u00fdch mini sexu\u00e1ln\u00edch panenek <\/br>sexdollxxx .com\t\t\t\t\t<\/h2>\n\t\t\t\t\n\t\t\t\t\t\t\t\t\t<div class=\"elementor-cta__description elementor-cta__content-item elementor-content-item elementor-animated-item--grow\">\n\t\t\t\t\t\t40 cm, 60 cm, 80 cm, 100 cm, 120 cm, 140 cm\t\t\t\t\t<\/div>\n\t\t\t\t\n\t\t\t\t\t\t\t\t\t<div class=\"elementor-cta__button-wrapper elementor-cta__content-item elementor-content-item elementor-animated-item--grow\">\n\t\t\t\t\t<span class=\"elementor-cta__button elementor-button elementor-size-md\">\n\t\t\t\t\t\tKupuj te\u010f\t\t\t\t\t<\/span>\n\t\t\t\t\t<\/div>\n\t\t\t\t\t\t\t<\/div>\n\t\t\t\t\t\t<\/a>\n\t\t\t\t<\/div>\n\t\t\t\t<\/div>\n\t\t\t\t\t<\/div>\n\t\t\t\t<\/div>\n\t\t\t\t\t<\/div>\n\t\t\t\t<\/div>\n\t\t\t\t\t<\/div>\n\t\t\t\t<\/div>\n\t\t\t\t<\/div>","protected":false},"excerpt":{"rendered":"<div data-elementor-type=\"section\" data-elementor-id=\"15952\" class=\"elementor elementor-15952\" data-elementor-post-type=\"elementor_library\">\n<div class=\"wd-negative-gap elementor-element elementor-element-49f97e26 e-flex e-con-boxed e-con e-parent\" data-id=\"49f97e26\" data-element_type=\"container\">\n<div class=\"e-con-inner\">\n<div class=\"wd-negative-gap elementor-element elementor-element-449b9556 e-flex e-con-boxed e-con e-child\" data-id=\"449b9556\" data-element_type=\"container\">\n<div class=\"e-con-inner\">\n<div class=\"elementor-element elementor-element-613a7c10 elementor-cta--skin-cover elementor-animated-content elementor-bg-transform elementor-bg-transform-zoom-in elementor-widget elementor-widget-call-to-action\" data-id=\"613a7c10\" data-element_type=\"widget\" data-widget_type=\"call-to-action.default\">\n<div class=\"elementor-widget-container\">\n\t\t\t<link rel=\"stylesheet\" href=\"https:\/\/geniedoll.com\/wp-content\/uploads\/elementor\/css\/custom-pro-widget-call-to-action.min.css?ver=1716121493\">\t\t<a class=\"elementor-cta\" href=\"https:\/\/geniedoll.com\/cs\/obrazky-sexualnich-panenek\/\"><\/p>\n<div class=\"elementor-cta__bg-wrapper\">\n<div class=\"elementor-cta__bg elementor-bg\" style=\"background-image: url(https:\/\/geniedoll.com\/wp-content\/uploads\/2024\/04\/redirect-1.jpg);\" role=\"img\" aria-label=\"p\u0159esm\u011brov\u00e1n\u00ed.jpg\"><\/div>\n<div class=\"elementor-cta__bg-overlay\"><\/div>\n<\/p><\/div>\n<div class=\"elementor-cta__content\">\n<h2 class=\"elementor-cta__title elementor-cta__content-item elementor-content-item elementor-animated-item--grow\">\n\t\t\t\t\t\t2500+ mal\u00fdch mini sexu\u00e1ln\u00edch panenek <\/br>sexdollxxx .com\t\t\t\t\t<\/h2>\n<div class=\"elementor-cta__description elementor-cta__content-item elementor-content-item elementor-animated-item--grow\">\n\t\t\t\t\t\t40 cm, 60 cm, 80 cm, 100 cm, 120 cm, 140 cm\t\t\t\t\t<\/div>\n<div class=\"elementor-cta__button-wrapper elementor-cta__content-item elementor-content-item elementor-animated-item--grow\">\n\t\t\t\t\t<span class=\"elementor-cta__button elementor-button elementor-size-md\"><br \/>\n\t\t\t\t\t\tKupuj te\u010f\t\t\t\t\t<\/span>\n\t\t\t\t\t<\/div>\n<\/p><\/div>\n<p>\t\t\t\t\t\t<\/a>\n\t\t\t\t<\/div>\n<\/p><\/div>\n<\/p><\/div>\n<\/p><\/div>\n<\/p><\/div>\n<\/p><\/div>\n<\/p><\/div>","protected":false},"featured_media":15950,"comment_status":"closed","ping_status":"closed","template":"","meta":[],"product_cat":[771,770,802],"product_tag":[],"aioseo_notices":[],"_links":{"self":[{"href":"https:\/\/geniedoll.com\/cs\/wp-json\/wp\/v2\/product\/20643"}],"collection":[{"href":"https:\/\/geniedoll.com\/cs\/wp-json\/wp\/v2\/product"}],"about":[{"href":"https:\/\/geniedoll.com\/cs\/wp-json\/wp\/v2\/types\/product"}],"replies":[{"embeddable":true,"href":"https:\/\/geniedoll.com\/cs\/wp-json\/wp\/v2\/comments?post=20643"}],"version-history":[{"count":1,"href":"https:\/\/geniedoll.com\/cs\/wp-json\/wp\/v2\/product\/20643\/revisions"}],"predecessor-version":[{"id":20644,"href":"https:\/\/geniedoll.com\/cs\/wp-json\/wp\/v2\/product\/20643\/revisions\/20644"}],"wp:featuredmedia":[{"embeddable":true,"href":"https:\/\/geniedoll.com\/cs\/wp-json\/wp\/v2\/media\/15950"}],"wp:attachment":[{"href":"https:\/\/geniedoll.com\/cs\/wp-json\/wp\/v2\/media?parent=20643"}],"wp:term":[{"taxonomy":"product_cat","embeddable":true,"href":"https:\/\/geniedoll.com\/cs\/wp-json\/wp\/v2\/product_cat?post=20643"},{"taxonomy":"product_tag","embeddable":true,"href":"https:\/\/geniedoll.com\/cs\/wp-json\/wp\/v2\/product_tag?post=20643"}],"curies":[{"name":"wp","href":"https:\/\/api.w.org\/{rel}","templated":true}]}}