{"id":20449,"date":"2024-04-22T12:31:04","date_gmt":"2024-04-22T12:31:04","guid":{"rendered":"https:\/\/aimdoll.com\/product\/80-cm-tiny-short-young-flat-chested-love-doll\/"},"modified":"2024-05-15T08:23:00","modified_gmt":"2024-05-15T08:23:00","slug":"80-cm-tiny-short-young-flat-chested-love-doll","status":"publish","type":"product","link":"https:\/\/geniedoll.com\/cs\/product\/80-cm-drobna-mala-mlada-panenka-s-plochym-hrudnikem\/","title":{"rendered":"80 cm Tiny Short Young Flat Chested milostn\u00e1 panenka"},"content":{"rendered":"<p>Mal\u00e1, mlad\u00e1 panenka s ploch\u00fdm hrudn\u00edkem je ide\u00e1ln\u00ed pro lidi, kte\u0159\u00ed cht\u011bj\u00ed pro\u017e\u00edt sv\u00e9 nejbl\u00e1zniv\u011bj\u0161\u00ed sny v mal\u00e9m balen\u00ed. Tato mal\u00e1 amazonsk\u00e1 sexu\u00e1ln\u00ed panenka jist\u011b rozproud\u00ed v\u00e1\u0161e\u0148 a z\u00e1bavu se sv\u00fdmi re\u00e1ln\u011b vypadaj\u00edc\u00edmi rysy a dotekem \u017eivota.<\/p>\n<p>Tato milostn\u00e1 panenka je pe\u010dliv\u011b vyroben\u00e1 na\u0161imi zku\u0161en\u00fdmi lidmi s pou\u017eit\u00edm kvalitn\u00edho l\u00e9ka\u0159sk\u00e9ho silikonu a je vysok\u00e1 3 stopy. Snadno se p\u0159en\u00e1\u0161\u00ed, kdy\u017e nen\u00ed pot\u0159eba, a lze jej bezpe\u010dn\u011b schovat. Jeho mal\u00e1 velikost v\u00e1m tak\u00e9 umo\u017en\u00ed d\u011blat skv\u011bl\u00e9 pr\u00e1ce, kter\u00e9 by s v\u011bt\u0161\u00edmi panenkami nebyly mo\u017en\u00e9.<\/p>\n<p>Tato mal\u00e1 sexu\u00e1ln\u00ed panenka nem\u00e1 velk\u00fd hrudn\u00edk a vypad\u00e1 nevinn\u011b, ale z\u00e1bavn\u011b. Je ide\u00e1ln\u00ed pro lidi, kte\u0159\u00ed maj\u00ed r\u00e1di mlad\u011b vypadaj\u00edc\u00ed hra\u010dku. D\u00edky mal\u00fdm detail\u016fm, jako je dokonal\u00e1 textura poko\u017eky, jemn\u00e9 rysy obli\u010deje a m\u011bkk\u00e9 ruce a nohy, bude v\u00e1\u0161 soukrom\u00fd z\u00e1\u017eitek skute\u010dn\u011bj\u0161\u00ed.<\/p>\n<p>&nbsp;<\/p>\n\t\t<div data-elementor-type=\"section\" data-elementor-id=\"15956\" class=\"elementor elementor-15956\" data-elementor-post-type=\"elementor_library\">\n\t\t\t<div class=\"wd-negative-gap elementor-element elementor-element-e744d45 e-flex e-con-boxed e-con e-parent\" data-id=\"e744d45\" data-element_type=\"container\">\n\t\t\t\t\t<div class=\"e-con-inner\">\n\t\t<div class=\"wd-negative-gap elementor-element elementor-element-2abc4734 e-flex e-con-boxed e-con e-child\" data-id=\"2abc4734\" data-element_type=\"container\">\n\t\t\t\t\t<div class=\"e-con-inner\">\n\t\t<div class=\"wd-negative-gap elementor-element elementor-element-e4e90d0 e-flex e-con-boxed e-con e-child\" data-id=\"e4e90d0\" data-element_type=\"container\">\n\t\t\t\t\t<div class=\"e-con-inner\">\n\t\t\t\t<div class=\"elementor-element elementor-element-2191b1a4 elementor-cta--skin-cover elementor-animated-content elementor-bg-transform elementor-bg-transform-zoom-in elementor-widget elementor-widget-call-to-action\" data-id=\"2191b1a4\" data-element_type=\"widget\" data-widget_type=\"call-to-action.default\">\n\t\t\t\t<div class=\"elementor-widget-container\">\n\t\t\t\t\t<a class=\"elementor-cta\" href=\"https:\/\/geniedoll.com\/cs\/obrazky-sexualnich-panenek\/\">\n\t\t\t\t\t<div class=\"elementor-cta__bg-wrapper\">\n\t\t\t\t<div class=\"elementor-cta__bg elementor-bg\" style=\"background-image: url(https:\/\/geniedoll.com\/wp-content\/uploads\/2024\/04\/redirect.jpg);\" role=\"img\" aria-label=\"p\u0159esm\u011brovat\"><\/div>\n\t\t\t\t<div class=\"elementor-cta__bg-overlay\"><\/div>\n\t\t\t<\/div>\n\t\t\t\t\t\t\t<div class=\"elementor-cta__content\">\n\t\t\t\t\n\t\t\t\t\t\t\t\t\t<h2 class=\"elementor-cta__title elementor-cta__content-item elementor-content-item elementor-animated-item--grow\">\n\t\t\t\t\t\t2500+ mal\u00fdch mini sexu\u00e1ln\u00edch panenek <\/br>sexdollxxx .com\t\t\t\t\t<\/h2>\n\t\t\t\t\n\t\t\t\t\t\t\t\t\t<div class=\"elementor-cta__description elementor-cta__content-item elementor-content-item elementor-animated-item--grow\">\n\t\t\t\t\t\t40 cm, 60 cm, 80 cm, 100 cm, 120 cm, 140 cm\t\t\t\t\t<\/div>\n\t\t\t\t\n\t\t\t\t\t\t\t\t\t<div class=\"elementor-cta__button-wrapper elementor-cta__content-item elementor-content-item elementor-animated-item--grow\">\n\t\t\t\t\t<span class=\"elementor-cta__button elementor-button elementor-size-md\">\n\t\t\t\t\t\tKupuj te\u010f\t\t\t\t\t<\/span>\n\t\t\t\t\t<\/div>\n\t\t\t\t\t\t\t<\/div>\n\t\t\t\t\t\t<\/a>\n\t\t\t\t<\/div>\n\t\t\t\t<\/div>\n\t\t\t\t\t<\/div>\n\t\t\t\t<\/div>\n\t\t\t\t\t<\/div>\n\t\t\t\t<\/div>\n\t\t\t\t\t<\/div>\n\t\t\t\t<\/div>\n\t\t\t\t<\/div>","protected":false},"excerpt":{"rendered":"<div data-elementor-type=\"section\" data-elementor-id=\"15952\" class=\"elementor elementor-15952\" data-elementor-post-type=\"elementor_library\">\n<div class=\"wd-negative-gap elementor-element elementor-element-49f97e26 e-flex e-con-boxed e-con e-parent\" data-id=\"49f97e26\" data-element_type=\"container\">\n<div class=\"e-con-inner\">\n<div class=\"wd-negative-gap elementor-element elementor-element-449b9556 e-flex e-con-boxed e-con e-child\" data-id=\"449b9556\" data-element_type=\"container\">\n<div class=\"e-con-inner\">\n<div class=\"elementor-element elementor-element-613a7c10 elementor-cta--skin-cover elementor-animated-content elementor-bg-transform elementor-bg-transform-zoom-in elementor-widget elementor-widget-call-to-action\" data-id=\"613a7c10\" data-element_type=\"widget\" data-widget_type=\"call-to-action.default\">\n<div class=\"elementor-widget-container\">\n\t\t\t<link rel=\"stylesheet\" href=\"https:\/\/geniedoll.com\/wp-content\/uploads\/elementor\/css\/custom-pro-widget-call-to-action.min.css?ver=1716121493\">\t\t<a class=\"elementor-cta\" href=\"https:\/\/geniedoll.com\/cs\/obrazky-sexualnich-panenek\/\"><\/p>\n<div class=\"elementor-cta__bg-wrapper\">\n<div class=\"elementor-cta__bg elementor-bg\" style=\"background-image: url(https:\/\/geniedoll.com\/wp-content\/uploads\/2024\/04\/redirect-1.jpg);\" role=\"img\" aria-label=\"p\u0159esm\u011brov\u00e1n\u00ed.jpg\"><\/div>\n<div class=\"elementor-cta__bg-overlay\"><\/div>\n<\/p><\/div>\n<div class=\"elementor-cta__content\">\n<h2 class=\"elementor-cta__title elementor-cta__content-item elementor-content-item elementor-animated-item--grow\">\n\t\t\t\t\t\t2500+ mal\u00fdch mini sexu\u00e1ln\u00edch panenek <\/br>sexdollxxx .com\t\t\t\t\t<\/h2>\n<div class=\"elementor-cta__description elementor-cta__content-item elementor-content-item elementor-animated-item--grow\">\n\t\t\t\t\t\t40 cm, 60 cm, 80 cm, 100 cm, 120 cm, 140 cm\t\t\t\t\t<\/div>\n<div class=\"elementor-cta__button-wrapper elementor-cta__content-item elementor-content-item elementor-animated-item--grow\">\n\t\t\t\t\t<span class=\"elementor-cta__button elementor-button elementor-size-md\"><br \/>\n\t\t\t\t\t\tKupuj te\u010f\t\t\t\t\t<\/span>\n\t\t\t\t\t<\/div>\n<\/p><\/div>\n<p>\t\t\t\t\t\t<\/a>\n\t\t\t\t<\/div>\n<\/p><\/div>\n<\/p><\/div>\n<\/p><\/div>\n<\/p><\/div>\n<\/p><\/div>\n<\/p><\/div>","protected":false},"featured_media":15950,"comment_status":"closed","ping_status":"closed","template":"","meta":[],"product_cat":[769,794,788],"product_tag":[],"aioseo_notices":[],"_links":{"self":[{"href":"https:\/\/geniedoll.com\/cs\/wp-json\/wp\/v2\/product\/20449"}],"collection":[{"href":"https:\/\/geniedoll.com\/cs\/wp-json\/wp\/v2\/product"}],"about":[{"href":"https:\/\/geniedoll.com\/cs\/wp-json\/wp\/v2\/types\/product"}],"replies":[{"embeddable":true,"href":"https:\/\/geniedoll.com\/cs\/wp-json\/wp\/v2\/comments?post=20449"}],"version-history":[{"count":1,"href":"https:\/\/geniedoll.com\/cs\/wp-json\/wp\/v2\/product\/20449\/revisions"}],"predecessor-version":[{"id":20450,"href":"https:\/\/geniedoll.com\/cs\/wp-json\/wp\/v2\/product\/20449\/revisions\/20450"}],"wp:featuredmedia":[{"embeddable":true,"href":"https:\/\/geniedoll.com\/cs\/wp-json\/wp\/v2\/media\/15950"}],"wp:attachment":[{"href":"https:\/\/geniedoll.com\/cs\/wp-json\/wp\/v2\/media?parent=20449"}],"wp:term":[{"taxonomy":"product_cat","embeddable":true,"href":"https:\/\/geniedoll.com\/cs\/wp-json\/wp\/v2\/product_cat?post=20449"},{"taxonomy":"product_tag","embeddable":true,"href":"https:\/\/geniedoll.com\/cs\/wp-json\/wp\/v2\/product_tag?post=20449"}],"curies":[{"name":"wp","href":"https:\/\/api.w.org\/{rel}","templated":true}]}}