{"id":20345,"date":"2024-04-22T12:30:57","date_gmt":"2024-04-22T12:30:57","guid":{"rendered":"https:\/\/aimdoll.com\/product\/100cm-adult-mini-love-doll-for-sale-on-amazon-prime\/"},"modified":"2024-05-15T08:10:25","modified_gmt":"2024-05-15T08:10:25","slug":"100cm-adult-mini-love-doll-for-sale-on-amazon-prime","status":"publish","type":"product","link":"https:\/\/geniedoll.com\/cs\/product\/100cm-mini-panenka-pro-dospele-na-prodej-na-amazon-prime\/","title":{"rendered":"100cm panenka pro dosp\u011bl\u00e9 Mini Love na prodej na Amazon Prime"},"content":{"rendered":"<p>Mini sex panenka Amazon je dokonal\u00fdm spole\u010dn\u00edkem pro ka\u017ed\u00e9ho dosp\u011bl\u00e9ho. Tato ru\u010dn\u011b vyroben\u00e1 roztomil\u00e1 mal\u00e1 sexu\u00e1ln\u00ed panenka m\u00e1 roztomil\u00fd drobn\u00fd design, kter\u00fd ur\u010dit\u011b pot\u011b\u0161\u00ed. Kr\u00e1sn\u00e1 panenka pro mlad\u00e9 d\u00edvky m\u00e1 sv\u016fdn\u00e9 rysy obli\u010deje a n\u00e1dhern\u011b propracovan\u00e9 t\u011blo vyroben\u00e9 ze skute\u010dn\u00e9ho silikonov\u00e9ho materi\u00e1lu s realistick\u00fdm povrchem k\u016f\u017ee, tak\u017ee se c\u00edt\u00ed jako v posteli s jinou osobou.<\/p>\n<p>Tato mini panenka na Amazon Prime m\u00e1 3 r\u016fzn\u00e9 polohy \u2013 vle\u017ee, vsed\u011b nebo ve stoje \u2013 co\u017e v\u00e1m d\u00e1v\u00e1 flexibilitu, kdy\u017e d\u011bl\u00e1te radost sob\u011b nebo sv\u00e9mu partnerovi; umo\u017e\u0148uje jim b\u00fdt kreativn\u00ed a p\u0159itom experimentovat s nov\u00fdmi p\u00f3zami a technikami poka\u017ed\u00e9, kdy\u017e pou\u017eij\u00ed panenku pro mlad\u00e9 a dosp\u00edvaj\u00edc\u00ed. Kloubov\u00e9 klouby timblr pro mlad\u00e9 dosp\u00edvaj\u00edc\u00ed panenky poskytuj\u00ed maxim\u00e1ln\u00ed mobilitu bez ohledu na to, jakou polohu si vyberete.<\/p>\n<p>Na\u0161e cena za sexy panenky s mal\u00fdmi prsy je zam\u011b\u0159ena na ty, kte\u0159\u00ed preferuj\u00ed tradi\u010dn\u011bj\u0161\u00ed vzory, ale p\u0159esto cht\u011bj\u00ed exotick\u00fd pocit, kter\u00fd lze nal\u00e9zt pouze v japonsk\u00fdch produktech, jako je oble\u010den\u00ed na mal\u00e9 sexu\u00e1ln\u00ed panence na trupu. Toto srovn\u00e1n\u00ed velikosti 100cm sexu\u00e1ln\u00ed panenky je tak\u00e9 vybaveno dv\u011bma sadami spodn\u00edho pr\u00e1dla (\u010dern\u00e9 a r\u016f\u017eov\u00e9), d\u00edky nim\u017e je je\u0161t\u011b atraktivn\u011bj\u0161\u00ed \u2013 sv\u016fdn\u00e1, pokud to tak mohu \u0159\u00edci.<\/p>\n<p>&nbsp;<\/p>\n\t\t<div data-elementor-type=\"section\" data-elementor-id=\"15956\" class=\"elementor elementor-15956\" data-elementor-post-type=\"elementor_library\">\n\t\t\t<div class=\"wd-negative-gap elementor-element elementor-element-e744d45 e-flex e-con-boxed e-con e-parent\" data-id=\"e744d45\" data-element_type=\"container\">\n\t\t\t\t\t<div class=\"e-con-inner\">\n\t\t<div class=\"wd-negative-gap elementor-element elementor-element-2abc4734 e-flex e-con-boxed e-con e-child\" data-id=\"2abc4734\" data-element_type=\"container\">\n\t\t\t\t\t<div class=\"e-con-inner\">\n\t\t<div class=\"wd-negative-gap elementor-element elementor-element-e4e90d0 e-flex e-con-boxed e-con e-child\" data-id=\"e4e90d0\" data-element_type=\"container\">\n\t\t\t\t\t<div class=\"e-con-inner\">\n\t\t\t\t<div class=\"elementor-element elementor-element-2191b1a4 elementor-cta--skin-cover elementor-animated-content elementor-bg-transform elementor-bg-transform-zoom-in elementor-widget elementor-widget-call-to-action\" data-id=\"2191b1a4\" data-element_type=\"widget\" data-widget_type=\"call-to-action.default\">\n\t\t\t\t<div class=\"elementor-widget-container\">\n\t\t\t\t\t<a class=\"elementor-cta\" href=\"https:\/\/geniedoll.com\/cs\/obrazky-sexualnich-panenek\/\">\n\t\t\t\t\t<div class=\"elementor-cta__bg-wrapper\">\n\t\t\t\t<div class=\"elementor-cta__bg elementor-bg\" style=\"background-image: url(https:\/\/geniedoll.com\/wp-content\/uploads\/2024\/04\/redirect.jpg);\" role=\"img\" aria-label=\"p\u0159esm\u011brovat\"><\/div>\n\t\t\t\t<div class=\"elementor-cta__bg-overlay\"><\/div>\n\t\t\t<\/div>\n\t\t\t\t\t\t\t<div class=\"elementor-cta__content\">\n\t\t\t\t\n\t\t\t\t\t\t\t\t\t<h2 class=\"elementor-cta__title elementor-cta__content-item elementor-content-item elementor-animated-item--grow\">\n\t\t\t\t\t\t2500+ mal\u00fdch mini sexu\u00e1ln\u00edch panenek <\/br>sexdollxxx .com\t\t\t\t\t<\/h2>\n\t\t\t\t\n\t\t\t\t\t\t\t\t\t<div class=\"elementor-cta__description elementor-cta__content-item elementor-content-item elementor-animated-item--grow\">\n\t\t\t\t\t\t40 cm, 60 cm, 80 cm, 100 cm, 120 cm, 140 cm\t\t\t\t\t<\/div>\n\t\t\t\t\n\t\t\t\t\t\t\t\t\t<div class=\"elementor-cta__button-wrapper elementor-cta__content-item elementor-content-item elementor-animated-item--grow\">\n\t\t\t\t\t<span class=\"elementor-cta__button elementor-button elementor-size-md\">\n\t\t\t\t\t\tKupuj te\u010f\t\t\t\t\t<\/span>\n\t\t\t\t\t<\/div>\n\t\t\t\t\t\t\t<\/div>\n\t\t\t\t\t\t<\/a>\n\t\t\t\t<\/div>\n\t\t\t\t<\/div>\n\t\t\t\t\t<\/div>\n\t\t\t\t<\/div>\n\t\t\t\t\t<\/div>\n\t\t\t\t<\/div>\n\t\t\t\t\t<\/div>\n\t\t\t\t<\/div>\n\t\t\t\t<\/div>","protected":false},"excerpt":{"rendered":"<div data-elementor-type=\"section\" data-elementor-id=\"15952\" class=\"elementor elementor-15952\" data-elementor-post-type=\"elementor_library\">\n<div class=\"wd-negative-gap elementor-element elementor-element-49f97e26 e-flex e-con-boxed e-con e-parent\" data-id=\"49f97e26\" data-element_type=\"container\">\n<div class=\"e-con-inner\">\n<div class=\"wd-negative-gap elementor-element elementor-element-449b9556 e-flex e-con-boxed e-con e-child\" data-id=\"449b9556\" data-element_type=\"container\">\n<div class=\"e-con-inner\">\n<div class=\"elementor-element elementor-element-613a7c10 elementor-cta--skin-cover elementor-animated-content elementor-bg-transform elementor-bg-transform-zoom-in elementor-widget elementor-widget-call-to-action\" data-id=\"613a7c10\" data-element_type=\"widget\" data-widget_type=\"call-to-action.default\">\n<div class=\"elementor-widget-container\">\n\t\t\t<link rel=\"stylesheet\" href=\"https:\/\/geniedoll.com\/wp-content\/uploads\/elementor\/css\/custom-pro-widget-call-to-action.min.css?ver=1716121493\">\t\t<a class=\"elementor-cta\" href=\"https:\/\/geniedoll.com\/cs\/obrazky-sexualnich-panenek\/\"><\/p>\n<div class=\"elementor-cta__bg-wrapper\">\n<div class=\"elementor-cta__bg elementor-bg\" style=\"background-image: url(https:\/\/geniedoll.com\/wp-content\/uploads\/2024\/04\/redirect-1.jpg);\" role=\"img\" aria-label=\"p\u0159esm\u011brov\u00e1n\u00ed.jpg\"><\/div>\n<div class=\"elementor-cta__bg-overlay\"><\/div>\n<\/p><\/div>\n<div class=\"elementor-cta__content\">\n<h2 class=\"elementor-cta__title elementor-cta__content-item elementor-content-item elementor-animated-item--grow\">\n\t\t\t\t\t\t2500+ mal\u00fdch mini sexu\u00e1ln\u00edch panenek <\/br>sexdollxxx .com\t\t\t\t\t<\/h2>\n<div class=\"elementor-cta__description elementor-cta__content-item elementor-content-item elementor-animated-item--grow\">\n\t\t\t\t\t\t40 cm, 60 cm, 80 cm, 100 cm, 120 cm, 140 cm\t\t\t\t\t<\/div>\n<div class=\"elementor-cta__button-wrapper elementor-cta__content-item elementor-content-item elementor-animated-item--grow\">\n\t\t\t\t\t<span class=\"elementor-cta__button elementor-button elementor-size-md\"><br \/>\n\t\t\t\t\t\tKupuj te\u010f\t\t\t\t\t<\/span>\n\t\t\t\t\t<\/div>\n<\/p><\/div>\n<p>\t\t\t\t\t\t<\/a>\n\t\t\t\t<\/div>\n<\/p><\/div>\n<\/p><\/div>\n<\/p><\/div>\n<\/p><\/div>\n<\/p><\/div>\n<\/p><\/div>","protected":false},"featured_media":15950,"comment_status":"closed","ping_status":"closed","template":"","meta":[],"product_cat":[782,801,800],"product_tag":[],"aioseo_notices":[],"_links":{"self":[{"href":"https:\/\/geniedoll.com\/cs\/wp-json\/wp\/v2\/product\/20345"}],"collection":[{"href":"https:\/\/geniedoll.com\/cs\/wp-json\/wp\/v2\/product"}],"about":[{"href":"https:\/\/geniedoll.com\/cs\/wp-json\/wp\/v2\/types\/product"}],"replies":[{"embeddable":true,"href":"https:\/\/geniedoll.com\/cs\/wp-json\/wp\/v2\/comments?post=20345"}],"version-history":[{"count":2,"href":"https:\/\/geniedoll.com\/cs\/wp-json\/wp\/v2\/product\/20345\/revisions"}],"predecessor-version":[{"id":21757,"href":"https:\/\/geniedoll.com\/cs\/wp-json\/wp\/v2\/product\/20345\/revisions\/21757"}],"wp:featuredmedia":[{"embeddable":true,"href":"https:\/\/geniedoll.com\/cs\/wp-json\/wp\/v2\/media\/15950"}],"wp:attachment":[{"href":"https:\/\/geniedoll.com\/cs\/wp-json\/wp\/v2\/media?parent=20345"}],"wp:term":[{"taxonomy":"product_cat","embeddable":true,"href":"https:\/\/geniedoll.com\/cs\/wp-json\/wp\/v2\/product_cat?post=20345"},{"taxonomy":"product_tag","embeddable":true,"href":"https:\/\/geniedoll.com\/cs\/wp-json\/wp\/v2\/product_tag?post=20345"}],"curies":[{"name":"wp","href":"https:\/\/api.w.org\/{rel}","templated":true}]}}