{"id":20317,"date":"2024-04-22T12:30:53","date_gmt":"2024-04-22T12:30:53","guid":{"rendered":"https:\/\/aimdoll.com\/product\/aliexpress-mini-sex-doll-head-for-100cm\/"},"modified":"2024-05-15T08:06:03","modified_gmt":"2024-05-15T08:06:03","slug":"aliexpress-mini-sex-doll-head-for-100cm","status":"publish","type":"product","link":"https:\/\/geniedoll.com\/cs\/product\/aliexpress-mini-hlava-sexualni-panenky-na-100-cm\/","title":{"rendered":"AliExpress Mini Sexu\u00e1ln\u00ed hlava panenky na 100 cm"},"content":{"rendered":"<p>P\u0159edstavujeme AliExpress Mini Sex Doll, hlavu sexu\u00e1ln\u00ed panenky o d\u00e9lce 100 cm, kter\u00e1 je super pohodln\u00e1 pro ty, kte\u0159\u00ed si r\u00e1di p\u0159izp\u016fsobuj\u00ed a p\u0159izp\u016fsobuj\u00ed sv\u00e9 z\u00e1\u017eitky. Nejsou pot\u0159eba \u017e\u00e1dn\u00e9 n\u00e1stroje a ani \u0161petka odbornosti; jednodu\u0161e otev\u0159ete krabici, vyjm\u011bte tuto mini masturb\u00e1torku pro sexu\u00e1ln\u00ed panenky a za\u010dn\u011bte bez probl\u00e9m\u016f m\u011bnit rysy jej\u00ed mal\u00e9 japonsk\u00e9 sexu\u00e1ln\u00ed panenky.<\/p>\n<p>Tato dom\u00e1c\u00ed videa pro mlad\u00e9 dosp\u00edvaj\u00edc\u00ed mu\u017ee se zasran\u00fdmi sexu\u00e1ln\u00edmi panenkami jsou dod\u00e1v\u00e1na se v\u0161emi dopl\u0148ky, kter\u00e9 budete pot\u0159ebovat: detaily obli\u010dejov\u00e9ho designu, p\u0159edbarven\u00e9 chom\u00e1\u010de vlas\u016f; m\u011bkk\u00e1 silikonov\u00e1 konstrukce t\u011bla pro v\u011bt\u0161\u00ed pohodl\u00ed a pocit. V\u0161echny tyhle zasran\u00e9 v\u011bci z m\u00e9 158 cm porno verze pro sex panenku jsou poskytov\u00e1ny, tak\u017ee si poka\u017ed\u00e9 m\u016f\u017eete u\u017e\u00edt \u00fa\u017easn\u00e9 sexu\u00e1ln\u00ed dov\u00e1d\u011bn\u00ed! Krom\u011b toho je vid\u011bt lehk\u00fd a robustn\u00ed design, kter\u00fd zaji\u0161\u0165uje dobrou kvalitu \u2013 ob\u011b funkce jsou vz\u00e1cn\u00e9 u produkt\u016f, jako jsou tyto, kter\u00e9 vy\u017eaduj\u00ed velmi m\u00e1lo \u00falo\u017en\u00e9ho prostoru \u2013 a p\u0159esto se mal\u00e1 sexu\u00e1ln\u00ed panenka Barbie velikost 11in 10kr\u00e1t sn\u00e1ze skladuje.<\/p>\n<p>M\u016f\u017eete za\u017e\u00edt pot\u011b\u0161en\u00ed ze \u017eivotn\u00edho stylu a maxim\u00e1ln\u00ed pohodl\u00ed, to v\u0161e d\u00edky z\u00e1ruce spokojenosti p\u0159i n\u00e1kupech sexu\u00e1ln\u00edch panenek p\u0159ed dosp\u00edvaj\u00edc\u00edmi d\u00edvkami od kohokoli, kdo nakupuje prost\u0159ednictv\u00edm na\u0161eho online obchodu! I vy si m\u016f\u017eete vytvo\u0159it svou vlastn\u00ed japonskou sexu\u00e1ln\u00ed panenku s m\u00fdm ploch\u00fdm hrudn\u00edkem t\u00edm, \u017ee sestav\u00edte ty \u017ehav\u00e9 d\u00edly pro n\u00e1ctilet\u00e9 sexu\u00e1ln\u00ed panenky.<\/p>\n<p>&nbsp;<\/p>\n\t\t<div data-elementor-type=\"section\" data-elementor-id=\"15956\" class=\"elementor elementor-15956\" data-elementor-post-type=\"elementor_library\">\n\t\t\t<div class=\"wd-negative-gap elementor-element elementor-element-e744d45 e-flex e-con-boxed e-con e-parent\" data-id=\"e744d45\" data-element_type=\"container\">\n\t\t\t\t\t<div class=\"e-con-inner\">\n\t\t<div class=\"wd-negative-gap elementor-element elementor-element-2abc4734 e-flex e-con-boxed e-con e-child\" data-id=\"2abc4734\" data-element_type=\"container\">\n\t\t\t\t\t<div class=\"e-con-inner\">\n\t\t<div class=\"wd-negative-gap elementor-element elementor-element-e4e90d0 e-flex e-con-boxed e-con e-child\" data-id=\"e4e90d0\" data-element_type=\"container\">\n\t\t\t\t\t<div class=\"e-con-inner\">\n\t\t\t\t<div class=\"elementor-element elementor-element-2191b1a4 elementor-cta--skin-cover elementor-animated-content elementor-bg-transform elementor-bg-transform-zoom-in elementor-widget elementor-widget-call-to-action\" data-id=\"2191b1a4\" data-element_type=\"widget\" data-widget_type=\"call-to-action.default\">\n\t\t\t\t<div class=\"elementor-widget-container\">\n\t\t\t\t\t<a class=\"elementor-cta\" href=\"https:\/\/geniedoll.com\/cs\/obrazky-sexualnich-panenek\/\">\n\t\t\t\t\t<div class=\"elementor-cta__bg-wrapper\">\n\t\t\t\t<div class=\"elementor-cta__bg elementor-bg\" style=\"background-image: url(https:\/\/geniedoll.com\/wp-content\/uploads\/2024\/04\/redirect.jpg);\" role=\"img\" aria-label=\"p\u0159esm\u011brovat\"><\/div>\n\t\t\t\t<div class=\"elementor-cta__bg-overlay\"><\/div>\n\t\t\t<\/div>\n\t\t\t\t\t\t\t<div class=\"elementor-cta__content\">\n\t\t\t\t\n\t\t\t\t\t\t\t\t\t<h2 class=\"elementor-cta__title elementor-cta__content-item elementor-content-item elementor-animated-item--grow\">\n\t\t\t\t\t\t2500+ mal\u00fdch mini sexu\u00e1ln\u00edch panenek <\/br>sexdollxxx .com\t\t\t\t\t<\/h2>\n\t\t\t\t\n\t\t\t\t\t\t\t\t\t<div class=\"elementor-cta__description elementor-cta__content-item elementor-content-item elementor-animated-item--grow\">\n\t\t\t\t\t\t40 cm, 60 cm, 80 cm, 100 cm, 120 cm, 140 cm\t\t\t\t\t<\/div>\n\t\t\t\t\n\t\t\t\t\t\t\t\t\t<div class=\"elementor-cta__button-wrapper elementor-cta__content-item elementor-content-item elementor-animated-item--grow\">\n\t\t\t\t\t<span class=\"elementor-cta__button elementor-button elementor-size-md\">\n\t\t\t\t\t\tKupuj te\u010f\t\t\t\t\t<\/span>\n\t\t\t\t\t<\/div>\n\t\t\t\t\t\t\t<\/div>\n\t\t\t\t\t\t<\/a>\n\t\t\t\t<\/div>\n\t\t\t\t<\/div>\n\t\t\t\t\t<\/div>\n\t\t\t\t<\/div>\n\t\t\t\t\t<\/div>\n\t\t\t\t<\/div>\n\t\t\t\t\t<\/div>\n\t\t\t\t<\/div>\n\t\t\t\t<\/div>","protected":false},"excerpt":{"rendered":"<div data-elementor-type=\"section\" data-elementor-id=\"15952\" class=\"elementor elementor-15952\" data-elementor-post-type=\"elementor_library\">\n<div class=\"wd-negative-gap elementor-element elementor-element-49f97e26 e-flex e-con-boxed e-con e-parent\" data-id=\"49f97e26\" data-element_type=\"container\">\n<div class=\"e-con-inner\">\n<div class=\"wd-negative-gap elementor-element elementor-element-449b9556 e-flex e-con-boxed e-con e-child\" data-id=\"449b9556\" data-element_type=\"container\">\n<div class=\"e-con-inner\">\n<div class=\"elementor-element elementor-element-613a7c10 elementor-cta--skin-cover elementor-animated-content elementor-bg-transform elementor-bg-transform-zoom-in elementor-widget elementor-widget-call-to-action\" data-id=\"613a7c10\" data-element_type=\"widget\" data-widget_type=\"call-to-action.default\">\n<div class=\"elementor-widget-container\">\n\t\t\t<link rel=\"stylesheet\" href=\"https:\/\/geniedoll.com\/wp-content\/uploads\/elementor\/css\/custom-pro-widget-call-to-action.min.css?ver=1716121493\">\t\t<a class=\"elementor-cta\" href=\"https:\/\/geniedoll.com\/cs\/obrazky-sexualnich-panenek\/\"><\/p>\n<div class=\"elementor-cta__bg-wrapper\">\n<div class=\"elementor-cta__bg elementor-bg\" style=\"background-image: url(https:\/\/geniedoll.com\/wp-content\/uploads\/2024\/04\/redirect-1.jpg);\" role=\"img\" aria-label=\"p\u0159esm\u011brov\u00e1n\u00ed.jpg\"><\/div>\n<div class=\"elementor-cta__bg-overlay\"><\/div>\n<\/p><\/div>\n<div class=\"elementor-cta__content\">\n<h2 class=\"elementor-cta__title elementor-cta__content-item elementor-content-item elementor-animated-item--grow\">\n\t\t\t\t\t\t2500+ mal\u00fdch mini sexu\u00e1ln\u00edch panenek <\/br>sexdollxxx .com\t\t\t\t\t<\/h2>\n<div class=\"elementor-cta__description elementor-cta__content-item elementor-content-item elementor-animated-item--grow\">\n\t\t\t\t\t\t40 cm, 60 cm, 80 cm, 100 cm, 120 cm, 140 cm\t\t\t\t\t<\/div>\n<div class=\"elementor-cta__button-wrapper elementor-cta__content-item elementor-content-item elementor-animated-item--grow\">\n\t\t\t\t\t<span class=\"elementor-cta__button elementor-button elementor-size-md\"><br \/>\n\t\t\t\t\t\tKupuj te\u010f\t\t\t\t\t<\/span>\n\t\t\t\t\t<\/div>\n<\/p><\/div>\n<p>\t\t\t\t\t\t<\/a>\n\t\t\t\t<\/div>\n<\/p><\/div>\n<\/p><\/div>\n<\/p><\/div>\n<\/p><\/div>\n<\/p><\/div>\n<\/p><\/div>","protected":false},"featured_media":15950,"comment_status":"closed","ping_status":"closed","template":"","meta":[],"product_cat":[804,790,796],"product_tag":[],"aioseo_notices":[],"_links":{"self":[{"href":"https:\/\/geniedoll.com\/cs\/wp-json\/wp\/v2\/product\/20317"}],"collection":[{"href":"https:\/\/geniedoll.com\/cs\/wp-json\/wp\/v2\/product"}],"about":[{"href":"https:\/\/geniedoll.com\/cs\/wp-json\/wp\/v2\/types\/product"}],"replies":[{"embeddable":true,"href":"https:\/\/geniedoll.com\/cs\/wp-json\/wp\/v2\/comments?post=20317"}],"version-history":[{"count":1,"href":"https:\/\/geniedoll.com\/cs\/wp-json\/wp\/v2\/product\/20317\/revisions"}],"predecessor-version":[{"id":20318,"href":"https:\/\/geniedoll.com\/cs\/wp-json\/wp\/v2\/product\/20317\/revisions\/20318"}],"wp:featuredmedia":[{"embeddable":true,"href":"https:\/\/geniedoll.com\/cs\/wp-json\/wp\/v2\/media\/15950"}],"wp:attachment":[{"href":"https:\/\/geniedoll.com\/cs\/wp-json\/wp\/v2\/media?parent=20317"}],"wp:term":[{"taxonomy":"product_cat","embeddable":true,"href":"https:\/\/geniedoll.com\/cs\/wp-json\/wp\/v2\/product_cat?post=20317"},{"taxonomy":"product_tag","embeddable":true,"href":"https:\/\/geniedoll.com\/cs\/wp-json\/wp\/v2\/product_tag?post=20317"}],"curies":[{"name":"wp","href":"https:\/\/api.w.org\/{rel}","templated":true}]}}