{"id":20141,"date":"2024-04-22T12:30:36","date_gmt":"2024-04-22T12:30:36","guid":{"rendered":"https:\/\/aimdoll.com\/product\/mini-young-spitter-sound-silicone-anime-cute-flat-sex-doll\/"},"modified":"2024-05-14T08:38:28","modified_gmt":"2024-05-14T08:38:28","slug":"mini-young-spitter-sound-silicone-anime-cute-flat-sex-doll","status":"publish","type":"product","link":"https:\/\/geniedoll.com\/cs\/product\/mini-mlady-plivat-zvuk-silikonove-anime-roztomily-plochy-sex-panenka\/","title":{"rendered":"Mini young plivat sound silikonov\u00e9 anime roztomil\u00e9 ploch\u00e9 sex panenky"},"content":{"rendered":"<p>Jedn\u00e1 se o velmi kvalitn\u00ed silikonovou mini sexy panenku v designu sexy anime figurek. Je to proto, \u017ee tato mini sex panenka z ebay skute\u010dn\u00e9 panenky m\u00e1 dokonal\u00fd vzhled pro zasranou mini panenku s pl\u00e1\u010dem a pl\u00e1\u010dem porna. D\u00edky kombinaci realistick\u00fdch l\u00e9ka\u0159sk\u00fdch silikonov\u00fdch materi\u00e1l\u016f. Nav\u00edc tato skute\u010dn\u00e1 panenka s ploch\u00fdm hrudn\u00edkem m\u00e1 kovovou kostru. To znamen\u00e1, \u017ee p\u0159i zodpov\u011bdn\u00e9m pou\u017e\u00edv\u00e1n\u00ed v\u00e1m tato mal\u00e1 roztomil\u00e1 panenka my sweet love dod\u00e1v\u00e1 dostate\u010dnou stimulaci na dlouhou dobu.<\/p>\n<p>Krom\u011b toho m\u00e1 tato sexu\u00e1ln\u00ed panenka mal\u00e1 75 cm sexu\u00e1ln\u00ed panenka realistick\u00e9 textury, kter\u00e9 si zamilujete. To znamen\u00e1, \u017ee ka\u017ed\u00e1 \u010d\u00e1st t\u00e9to mal\u00e9 sexu\u00e1ln\u00ed panenky se c\u00edt\u00ed podobn\u011b jako skute\u010dn\u00fd skute\u010dn\u00fd \u017eiv\u00fd \u010dlov\u011bk. Od pru\u017en\u00fdch m\u011bkk\u00fdch k\u0159ivek a\u017e po dob\u0159e tvarovan\u00fd vagin\u00e1ln\u00ed pr\u016fchod. Tato mal\u00e1 lolita sexu\u00e1ln\u00ed panenka s kr\u00e9mov\u00fdm kol\u00e1\u010dem. P\u0159i sexu s mini panenkou tedy m\u016f\u017eete c\u00edtit ka\u017ed\u00fd pocit, po kter\u00e9m tou\u017e\u00edte.<\/p>\n<p>&nbsp;<\/p>\n\t\t<div data-elementor-type=\"section\" data-elementor-id=\"15956\" class=\"elementor elementor-15956\" data-elementor-post-type=\"elementor_library\">\n\t\t\t<div class=\"wd-negative-gap elementor-element elementor-element-e744d45 e-flex e-con-boxed e-con e-parent\" data-id=\"e744d45\" data-element_type=\"container\">\n\t\t\t\t\t<div class=\"e-con-inner\">\n\t\t<div class=\"wd-negative-gap elementor-element elementor-element-2abc4734 e-flex e-con-boxed e-con e-child\" data-id=\"2abc4734\" data-element_type=\"container\">\n\t\t\t\t\t<div class=\"e-con-inner\">\n\t\t<div class=\"wd-negative-gap elementor-element elementor-element-e4e90d0 e-flex e-con-boxed e-con e-child\" data-id=\"e4e90d0\" data-element_type=\"container\">\n\t\t\t\t\t<div class=\"e-con-inner\">\n\t\t\t\t<div class=\"elementor-element elementor-element-2191b1a4 elementor-cta--skin-cover elementor-animated-content elementor-bg-transform elementor-bg-transform-zoom-in elementor-widget elementor-widget-call-to-action\" data-id=\"2191b1a4\" data-element_type=\"widget\" data-widget_type=\"call-to-action.default\">\n\t\t\t\t<div class=\"elementor-widget-container\">\n\t\t\t\t\t<a class=\"elementor-cta\" href=\"https:\/\/geniedoll.com\/cs\/obrazky-sexualnich-panenek\/\">\n\t\t\t\t\t<div class=\"elementor-cta__bg-wrapper\">\n\t\t\t\t<div class=\"elementor-cta__bg elementor-bg\" style=\"background-image: url(https:\/\/geniedoll.com\/wp-content\/uploads\/2024\/04\/redirect.jpg);\" role=\"img\" aria-label=\"p\u0159esm\u011brovat\"><\/div>\n\t\t\t\t<div class=\"elementor-cta__bg-overlay\"><\/div>\n\t\t\t<\/div>\n\t\t\t\t\t\t\t<div class=\"elementor-cta__content\">\n\t\t\t\t\n\t\t\t\t\t\t\t\t\t<h2 class=\"elementor-cta__title elementor-cta__content-item elementor-content-item elementor-animated-item--grow\">\n\t\t\t\t\t\t2500+ mal\u00fdch mini sexu\u00e1ln\u00edch panenek <\/br>sexdollxxx .com\t\t\t\t\t<\/h2>\n\t\t\t\t\n\t\t\t\t\t\t\t\t\t<div class=\"elementor-cta__description elementor-cta__content-item elementor-content-item elementor-animated-item--grow\">\n\t\t\t\t\t\t40 cm, 60 cm, 80 cm, 100 cm, 120 cm, 140 cm\t\t\t\t\t<\/div>\n\t\t\t\t\n\t\t\t\t\t\t\t\t\t<div class=\"elementor-cta__button-wrapper elementor-cta__content-item elementor-content-item elementor-animated-item--grow\">\n\t\t\t\t\t<span class=\"elementor-cta__button elementor-button elementor-size-md\">\n\t\t\t\t\t\tKupuj te\u010f\t\t\t\t\t<\/span>\n\t\t\t\t\t<\/div>\n\t\t\t\t\t\t\t<\/div>\n\t\t\t\t\t\t<\/a>\n\t\t\t\t<\/div>\n\t\t\t\t<\/div>\n\t\t\t\t\t<\/div>\n\t\t\t\t<\/div>\n\t\t\t\t\t<\/div>\n\t\t\t\t<\/div>\n\t\t\t\t\t<\/div>\n\t\t\t\t<\/div>\n\t\t\t\t<\/div>","protected":false},"excerpt":{"rendered":"<div data-elementor-type=\"section\" data-elementor-id=\"15952\" class=\"elementor elementor-15952\" data-elementor-post-type=\"elementor_library\">\n<div class=\"wd-negative-gap elementor-element elementor-element-49f97e26 e-flex e-con-boxed e-con e-parent\" data-id=\"49f97e26\" data-element_type=\"container\">\n<div class=\"e-con-inner\">\n<div class=\"wd-negative-gap elementor-element elementor-element-449b9556 e-flex e-con-boxed e-con e-child\" data-id=\"449b9556\" data-element_type=\"container\">\n<div class=\"e-con-inner\">\n<div class=\"elementor-element elementor-element-613a7c10 elementor-cta--skin-cover elementor-animated-content elementor-bg-transform elementor-bg-transform-zoom-in elementor-widget elementor-widget-call-to-action\" data-id=\"613a7c10\" data-element_type=\"widget\" data-widget_type=\"call-to-action.default\">\n<div class=\"elementor-widget-container\">\n\t\t\t<link rel=\"stylesheet\" href=\"https:\/\/geniedoll.com\/wp-content\/uploads\/elementor\/css\/custom-pro-widget-call-to-action.min.css?ver=1716121493\">\t\t<a class=\"elementor-cta\" href=\"https:\/\/geniedoll.com\/cs\/obrazky-sexualnich-panenek\/\"><\/p>\n<div class=\"elementor-cta__bg-wrapper\">\n<div class=\"elementor-cta__bg elementor-bg\" style=\"background-image: url(https:\/\/geniedoll.com\/wp-content\/uploads\/2024\/04\/redirect-1.jpg);\" role=\"img\" aria-label=\"p\u0159esm\u011brov\u00e1n\u00ed.jpg\"><\/div>\n<div class=\"elementor-cta__bg-overlay\"><\/div>\n<\/p><\/div>\n<div class=\"elementor-cta__content\">\n<h2 class=\"elementor-cta__title elementor-cta__content-item elementor-content-item elementor-animated-item--grow\">\n\t\t\t\t\t\t2500+ mal\u00fdch mini sexu\u00e1ln\u00edch panenek <\/br>sexdollxxx .com\t\t\t\t\t<\/h2>\n<div class=\"elementor-cta__description elementor-cta__content-item elementor-content-item elementor-animated-item--grow\">\n\t\t\t\t\t\t40 cm, 60 cm, 80 cm, 100 cm, 120 cm, 140 cm\t\t\t\t\t<\/div>\n<div class=\"elementor-cta__button-wrapper elementor-cta__content-item elementor-content-item elementor-animated-item--grow\">\n\t\t\t\t\t<span class=\"elementor-cta__button elementor-button elementor-size-md\"><br \/>\n\t\t\t\t\t\tKupuj te\u010f\t\t\t\t\t<\/span>\n\t\t\t\t\t<\/div>\n<\/p><\/div>\n<p>\t\t\t\t\t\t<\/a>\n\t\t\t\t<\/div>\n<\/p><\/div>\n<\/p><\/div>\n<\/p><\/div>\n<\/p><\/div>\n<\/p><\/div>\n<\/p><\/div>","protected":false},"featured_media":15950,"comment_status":"closed","ping_status":"closed","template":"","meta":[],"product_cat":[774,782,761],"product_tag":[],"aioseo_notices":[],"_links":{"self":[{"href":"https:\/\/geniedoll.com\/cs\/wp-json\/wp\/v2\/product\/20141"}],"collection":[{"href":"https:\/\/geniedoll.com\/cs\/wp-json\/wp\/v2\/product"}],"about":[{"href":"https:\/\/geniedoll.com\/cs\/wp-json\/wp\/v2\/types\/product"}],"replies":[{"embeddable":true,"href":"https:\/\/geniedoll.com\/cs\/wp-json\/wp\/v2\/comments?post=20141"}],"version-history":[{"count":1,"href":"https:\/\/geniedoll.com\/cs\/wp-json\/wp\/v2\/product\/20141\/revisions"}],"predecessor-version":[{"id":20142,"href":"https:\/\/geniedoll.com\/cs\/wp-json\/wp\/v2\/product\/20141\/revisions\/20142"}],"wp:featuredmedia":[{"embeddable":true,"href":"https:\/\/geniedoll.com\/cs\/wp-json\/wp\/v2\/media\/15950"}],"wp:attachment":[{"href":"https:\/\/geniedoll.com\/cs\/wp-json\/wp\/v2\/media?parent=20141"}],"wp:term":[{"taxonomy":"product_cat","embeddable":true,"href":"https:\/\/geniedoll.com\/cs\/wp-json\/wp\/v2\/product_cat?post=20141"},{"taxonomy":"product_tag","embeddable":true,"href":"https:\/\/geniedoll.com\/cs\/wp-json\/wp\/v2\/product_tag?post=20141"}],"curies":[{"name":"wp","href":"https:\/\/api.w.org\/{rel}","templated":true}]}}