{"id":20011,"date":"2024-04-22T12:30:21","date_gmt":"2024-04-22T12:30:21","guid":{"rendered":"https:\/\/aimdoll.com\/product\/mini-spanking-japanese-jesse-tiny-huge-tits-doll\/"},"modified":"2024-05-10T04:51:30","modified_gmt":"2024-05-10T04:51:30","slug":"mini-spanking-japanese-jesse-tiny-huge-tits-doll","status":"publish","type":"product","link":"https:\/\/geniedoll.com\/cs\/product\/mini-vyprask-japonska-panenka-jesse-mala-obrovska-prsa\/","title":{"rendered":"Mini v\u00fdprask japonsk\u00e1 panenka jesse s mal\u00fdmi obrovsk\u00fdmi kozami"},"content":{"rendered":"<p>Jedn\u00e1 se o mini sexu\u00e1ln\u00ed panenku, kter\u00e1 je pln\u011b nabit\u00e1 realismem a funk\u010dnost\u00ed pr\u00e9miov\u00e9 mini panenky Jesse. Je to proto, \u017ee tato japonsk\u00e1 panenka s opravdovou porno milostnou panenkou m\u00e1 t\u011blov\u00e9 textury, kter\u00e9 jsou tak akor\u00e1t. To znamen\u00e1, \u017ee m\u016f\u017eete c\u00edtit realistickou zp\u011btnou vazbu, kdy\u017e si u\u017e\u00edv\u00e1te v\u00fdprask teen sex panenkou a tvrd\u00e9 kurva. Proto s touto sexu\u00e1ln\u00ed panenkou pov mali\u010dk\u00e9 skute\u010dn\u00e9 panenky. Va\u0161e zcela pohlcuj\u00edc\u00ed sexu\u00e1ln\u00ed stimulace je dokon\u010dena.<\/p>\n<p>Krom\u011b toho byla tato miniaturn\u00ed 30 cm japonsk\u00e1 sexu\u00e1ln\u00ed panenka vyrobena z kvalitn\u00edch silikonov\u00fdch materi\u00e1l\u016f. To znamen\u00e1, \u017ee ka\u017ed\u00fd centimetr t\u00e9to sexu\u00e1ln\u00ed panenky 50 cm skute\u010dn\u00e9 panenky odr\u00e1\u017e\u00ed \u00farove\u0148 realismu t\u00e9m\u011b\u0159 k nerozezn\u00e1n\u00ed od skute\u010dn\u00e9 v\u011bci. Proto jsou tato 100 cm velk\u00e1 sexy panenka s obrovsk\u00fdmi kozami p\u0159ipravena na va\u0161e hlazen\u00ed a mazlen\u00ed.<\/p>\n<p>Nav\u00edc, stejn\u011b jako p\u0159\u00edklady pr\u00e9miov\u00fdch d\u011btsk\u00fdch sexu\u00e1ln\u00edch panenek online. Tato kr\u00e1sn\u00e1 realistick\u00e1 skute\u010dn\u00e1 panenka byla vyrobena tak, aby vydr\u017eela. Tak\u017ee si m\u016f\u017eete u\u017e\u00edt nespo\u010det kol hluboce stimuluj\u00edc\u00edho sexu.<\/p>\n<p>&nbsp;<\/p>\n\t\t<div data-elementor-type=\"section\" data-elementor-id=\"15956\" class=\"elementor elementor-15956\" data-elementor-post-type=\"elementor_library\">\n\t\t\t<div class=\"wd-negative-gap elementor-element elementor-element-e744d45 e-flex e-con-boxed e-con e-parent\" data-id=\"e744d45\" data-element_type=\"container\">\n\t\t\t\t\t<div class=\"e-con-inner\">\n\t\t<div class=\"wd-negative-gap elementor-element elementor-element-2abc4734 e-flex e-con-boxed e-con e-child\" data-id=\"2abc4734\" data-element_type=\"container\">\n\t\t\t\t\t<div class=\"e-con-inner\">\n\t\t<div class=\"wd-negative-gap elementor-element elementor-element-e4e90d0 e-flex e-con-boxed e-con e-child\" data-id=\"e4e90d0\" data-element_type=\"container\">\n\t\t\t\t\t<div class=\"e-con-inner\">\n\t\t\t\t<div class=\"elementor-element elementor-element-2191b1a4 elementor-cta--skin-cover elementor-animated-content elementor-bg-transform elementor-bg-transform-zoom-in elementor-widget elementor-widget-call-to-action\" data-id=\"2191b1a4\" data-element_type=\"widget\" data-widget_type=\"call-to-action.default\">\n\t\t\t\t<div class=\"elementor-widget-container\">\n\t\t\t\t\t<a class=\"elementor-cta\" href=\"https:\/\/geniedoll.com\/cs\/obrazky-sexualnich-panenek\/\">\n\t\t\t\t\t<div class=\"elementor-cta__bg-wrapper\">\n\t\t\t\t<div class=\"elementor-cta__bg elementor-bg\" style=\"background-image: url(https:\/\/geniedoll.com\/wp-content\/uploads\/2024\/04\/redirect.jpg);\" role=\"img\" aria-label=\"p\u0159esm\u011brovat\"><\/div>\n\t\t\t\t<div class=\"elementor-cta__bg-overlay\"><\/div>\n\t\t\t<\/div>\n\t\t\t\t\t\t\t<div class=\"elementor-cta__content\">\n\t\t\t\t\n\t\t\t\t\t\t\t\t\t<h2 class=\"elementor-cta__title elementor-cta__content-item elementor-content-item elementor-animated-item--grow\">\n\t\t\t\t\t\t2500+ mal\u00fdch mini sexu\u00e1ln\u00edch panenek <\/br>sexdollxxx .com\t\t\t\t\t<\/h2>\n\t\t\t\t\n\t\t\t\t\t\t\t\t\t<div class=\"elementor-cta__description elementor-cta__content-item elementor-content-item elementor-animated-item--grow\">\n\t\t\t\t\t\t40 cm, 60 cm, 80 cm, 100 cm, 120 cm, 140 cm\t\t\t\t\t<\/div>\n\t\t\t\t\n\t\t\t\t\t\t\t\t\t<div class=\"elementor-cta__button-wrapper elementor-cta__content-item elementor-content-item elementor-animated-item--grow\">\n\t\t\t\t\t<span class=\"elementor-cta__button elementor-button elementor-size-md\">\n\t\t\t\t\t\tKupuj te\u010f\t\t\t\t\t<\/span>\n\t\t\t\t\t<\/div>\n\t\t\t\t\t\t\t<\/div>\n\t\t\t\t\t\t<\/a>\n\t\t\t\t<\/div>\n\t\t\t\t<\/div>\n\t\t\t\t\t<\/div>\n\t\t\t\t<\/div>\n\t\t\t\t\t<\/div>\n\t\t\t\t<\/div>\n\t\t\t\t\t<\/div>\n\t\t\t\t<\/div>\n\t\t\t\t<\/div>","protected":false},"excerpt":{"rendered":"<div data-elementor-type=\"section\" data-elementor-id=\"15952\" class=\"elementor elementor-15952\" data-elementor-post-type=\"elementor_library\">\n<div class=\"wd-negative-gap elementor-element elementor-element-49f97e26 e-flex e-con-boxed e-con e-parent\" data-id=\"49f97e26\" data-element_type=\"container\">\n<div class=\"e-con-inner\">\n<div class=\"wd-negative-gap elementor-element elementor-element-449b9556 e-flex e-con-boxed e-con e-child\" data-id=\"449b9556\" data-element_type=\"container\">\n<div class=\"e-con-inner\">\n<div class=\"elementor-element elementor-element-613a7c10 elementor-cta--skin-cover elementor-animated-content elementor-bg-transform elementor-bg-transform-zoom-in elementor-widget elementor-widget-call-to-action\" data-id=\"613a7c10\" data-element_type=\"widget\" data-widget_type=\"call-to-action.default\">\n<div class=\"elementor-widget-container\">\n\t\t\t<link rel=\"stylesheet\" href=\"https:\/\/geniedoll.com\/wp-content\/uploads\/elementor\/css\/custom-pro-widget-call-to-action.min.css?ver=1716121493\">\t\t<a class=\"elementor-cta\" href=\"https:\/\/geniedoll.com\/cs\/obrazky-sexualnich-panenek\/\"><\/p>\n<div class=\"elementor-cta__bg-wrapper\">\n<div class=\"elementor-cta__bg elementor-bg\" style=\"background-image: url(https:\/\/geniedoll.com\/wp-content\/uploads\/2024\/04\/redirect-1.jpg);\" role=\"img\" aria-label=\"p\u0159esm\u011brov\u00e1n\u00ed.jpg\"><\/div>\n<div class=\"elementor-cta__bg-overlay\"><\/div>\n<\/p><\/div>\n<div class=\"elementor-cta__content\">\n<h2 class=\"elementor-cta__title elementor-cta__content-item elementor-content-item elementor-animated-item--grow\">\n\t\t\t\t\t\t2500+ mal\u00fdch mini sexu\u00e1ln\u00edch panenek <\/br>sexdollxxx .com\t\t\t\t\t<\/h2>\n<div class=\"elementor-cta__description elementor-cta__content-item elementor-content-item elementor-animated-item--grow\">\n\t\t\t\t\t\t40 cm, 60 cm, 80 cm, 100 cm, 120 cm, 140 cm\t\t\t\t\t<\/div>\n<div class=\"elementor-cta__button-wrapper elementor-cta__content-item elementor-content-item elementor-animated-item--grow\">\n\t\t\t\t\t<span class=\"elementor-cta__button elementor-button elementor-size-md\"><br \/>\n\t\t\t\t\t\tKupuj te\u010f\t\t\t\t\t<\/span>\n\t\t\t\t\t<\/div>\n<\/p><\/div>\n<p>\t\t\t\t\t\t<\/a>\n\t\t\t\t<\/div>\n<\/p><\/div>\n<\/p><\/div>\n<\/p><\/div>\n<\/p><\/div>\n<\/p><\/div>\n<\/p><\/div>","protected":false},"featured_media":15950,"comment_status":"closed","ping_status":"closed","template":"","meta":[],"product_cat":[796,791,770],"product_tag":[],"aioseo_notices":[],"_links":{"self":[{"href":"https:\/\/geniedoll.com\/cs\/wp-json\/wp\/v2\/product\/20011"}],"collection":[{"href":"https:\/\/geniedoll.com\/cs\/wp-json\/wp\/v2\/product"}],"about":[{"href":"https:\/\/geniedoll.com\/cs\/wp-json\/wp\/v2\/types\/product"}],"replies":[{"embeddable":true,"href":"https:\/\/geniedoll.com\/cs\/wp-json\/wp\/v2\/comments?post=20011"}],"version-history":[{"count":1,"href":"https:\/\/geniedoll.com\/cs\/wp-json\/wp\/v2\/product\/20011\/revisions"}],"predecessor-version":[{"id":20012,"href":"https:\/\/geniedoll.com\/cs\/wp-json\/wp\/v2\/product\/20011\/revisions\/20012"}],"wp:featuredmedia":[{"embeddable":true,"href":"https:\/\/geniedoll.com\/cs\/wp-json\/wp\/v2\/media\/15950"}],"wp:attachment":[{"href":"https:\/\/geniedoll.com\/cs\/wp-json\/wp\/v2\/media?parent=20011"}],"wp:term":[{"taxonomy":"product_cat","embeddable":true,"href":"https:\/\/geniedoll.com\/cs\/wp-json\/wp\/v2\/product_cat?post=20011"},{"taxonomy":"product_tag","embeddable":true,"href":"https:\/\/geniedoll.com\/cs\/wp-json\/wp\/v2\/product_tag?post=20011"}],"curies":[{"name":"wp","href":"https:\/\/api.w.org\/{rel}","templated":true}]}}